{"id":21,"date":"2022-04-12T19:15:50","date_gmt":"2022-04-12T19:15:50","guid":{"rendered":"https:\/\/beautiesandthebeast.de\/?page_id=21"},"modified":"2023-01-17T21:09:03","modified_gmt":"2023-01-17T20:09:03","slug":"presse","status":"publish","type":"page","link":"https:\/\/beautiesandthebeast.de\/?page_id=21","title":{"rendered":"Veranstalterinfos"},"content":{"rendered":"\n<h4 class=\"wp-block-heading\">Infos<\/h4>\n\n\n\n<div class=\"wp-block-file\">Bandtext (PDF) &#8211; <a href=\"https:\/\/beautiesandthebeast.de\/wp-content\/uploads\/2022\/07\/Bandtext.pdf\" class=\"wp-block-file__button\" download=\"\" aria-describedby=\"wp-block-file--media-9e1d4283-f03b-4b39-9245-f994af0da213\">Herunterladen<\/a><\/div>\n\n\n\n<div class=\"wp-block-file\">Beispiel-Setliste (PDF) &#8211; <a href=\"https:\/\/beautiesandthebeast.de\/wp-content\/uploads\/2023\/01\/Setliste.pdf\" class=\"wp-block-file__button\" download=\"\" aria-describedby=\"wp-block-file--media-9e1d4283-f03b-4b39-9245-f994af0da213\">Herunterladen<\/a><\/div>\n\n\n\n<div class=\"wp-block-file\">B\u00fchnenanweisung \/ Technical Rider (PDF) &#8211; <a href=\"https:\/\/beautiesandthebeast.de\/wp-content\/uploads\/2022\/06\/Buehnenanweisung.pdf\" class=\"wp-block-file__button\" download=\"\" aria-describedby=\"wp-block-file--media-a31cdbe5-e190-4ae9-8b5e-0f0ebd7ccdba\">Herunterladen<\/a><\/div>\n\n\n\n<h4 class=\"wp-block-heading\">Bandfotos<\/h4>\n\n\n\n<div class=\"wp-block-file\">Bandfoto farbig (JPG) &#8211; <a href=\"https:\/\/beautiesandthebeast.de\/wp-content\/uploads\/2022\/12\/Bandfoto_farbe_flach-scaled.jpg\" class=\"wp-block-file__button wp-element-button\" download=\"\">Herunterladen<\/a><\/div>\n\n\n\n<div class=\"wp-block-file\">Bandfoto schwarz-wei\u00df (JPG) &#8211; <a href=\"https:\/\/beautiesandthebeast.de\/wp-content\/uploads\/2022\/12\/Bandfoto_sw_flach-scaled.jpg\" class=\"wp-block-file__button wp-element-button\" download=\"\" aria-describedby=\"wp-block-file--media-98a1af51-9bc3-412f-80c6-e6b58b875aa1\">Herunterladen<\/a><\/div>\n\n\n\n<h4 class=\"wp-block-heading\">Logos &amp; Schriftz\u00fcge<\/h4>\n\n\n\n<div class=\"wp-block-file\">Schriftzug schwarz-wei\u00df (PNG) &#8211; <a href=\"https:\/\/beautiesandthebeast.de\/wp-content\/uploads\/2022\/04\/Schriftzug_sw.png\" class=\"wp-block-file__button wp-element-button\" download=\"\" aria-describedby=\"wp-block-file--media-0a091b33-d4fb-4314-9deb-355fefa86094\">Herunterladen<\/a><\/div>\n\n\n\n<div class=\"wp-block-file\">Schriftzug farbig (PNG) &#8211; <a href=\"https:\/\/beautiesandthebeast.de\/wp-content\/uploads\/2022\/12\/Schriftzug-farbig.png\" class=\"wp-block-file__button wp-element-button\" download=\"\" aria-describedby=\"wp-block-file--media-61b4c23a-e5bd-47e5-8da7-0a5de95e6b05\">Herunterladen<\/a><\/div>\n\n\n\n<div class=\"wp-block-file\">Bandlogos (Zip) &#8211; <a href=\"https:\/\/beautiesandthebeast.de\/wp-content\/uploads\/2022\/12\/Logos_Beauties_and_the_Beast.zip\" class=\"wp-block-file__button wp-element-button\" download=\"\" aria-describedby=\"wp-block-file--media-cd6b085c-397b-4cd0-b9c5-e071c20e579d\">Herunterladen<\/a><\/div>\n","protected":false},"excerpt":{"rendered":"<p>Infos Bandtext (PDF) &#8211; Herunterladen Beispiel-Setliste (PDF) &#8211; Herunterladen B\u00fchnenanweisung \/ Technical Rider (PDF) &#8211; Herunterladen Bandfotos Bandfoto farbig (JPG) &#8211; Herunterladen Bandfoto schwarz-wei\u00df (JPG) &#8211; Herunterladen Logos &amp; Schriftz\u00fcge Schriftzug schwarz-wei\u00df (PNG) &#8211; Herunterladen Schriftzug farbig (PNG) &#8211; Herunterladen Bandlogos (Zip) &#8211; Herunterladen<\/p>\n","protected":false},"author":1,"featured_media":0,"parent":0,"menu_order":0,"comment_status":"closed","ping_status":"closed","template":"","meta":{"ngg_post_thumbnail":0,"gayatri_pageheader":"","footnotes":""},"class_list":["post-21","page","type-page","status-publish"],"jetpack_sharing_enabled":true,"_links":{"self":[{"href":"https:\/\/beautiesandthebeast.de\/index.php?rest_route=\/wp\/v2\/pages\/21","targetHints":{"allow":["GET"]}}],"collection":[{"href":"https:\/\/beautiesandthebeast.de\/index.php?rest_route=\/wp\/v2\/pages"}],"about":[{"href":"https:\/\/beautiesandthebeast.de\/index.php?rest_route=\/wp\/v2\/types\/page"}],"author":[{"embeddable":true,"href":"https:\/\/beautiesandthebeast.de\/index.php?rest_route=\/wp\/v2\/users\/1"}],"replies":[{"embeddable":true,"href":"https:\/\/beautiesandthebeast.de\/index.php?rest_route=%2Fwp%2Fv2%2Fcomments&post=21"}],"version-history":[{"count":19,"href":"https:\/\/beautiesandthebeast.de\/index.php?rest_route=\/wp\/v2\/pages\/21\/revisions"}],"predecessor-version":[{"id":310,"href":"https:\/\/beautiesandthebeast.de\/index.php?rest_route=\/wp\/v2\/pages\/21\/revisions\/310"}],"wp:attachment":[{"href":"https:\/\/beautiesandthebeast.de\/index.php?rest_route=%2Fwp%2Fv2%2Fmedia&parent=21"}],"curies":[{"name":"wp","href":"https:\/\/api.w.org\/{rel}","templated":true}]}}