{"id":20,"date":"2022-04-12T19:15:50","date_gmt":"2022-04-12T19:15:50","guid":{"rendered":"https:\/\/beautiesandthebeast.de\/?page_id=20"},"modified":"2026-01-16T16:54:06","modified_gmt":"2026-01-16T15:54:06","slug":"infos","status":"publish","type":"page","link":"https:\/\/beautiesandthebeast.de\/?page_id=20","title":{"rendered":"\u00dcber uns"},"content":{"rendered":"\n<p>Wer sind die Beauties und wer ist das Beast?<\/p>\n\n\n\n<p>Diese Frage konnte bisher nicht eindeutig gekl\u00e4rt werden&#8230;<\/p>\n\n\n\n<p>Klar ist hingegen, was dabei herauskommt, wenn sich 5 Musiker mit reichlich Studio- und mehreren hundert Konzerten Live-Erfahrung zusammen tun, um eine Coverband nach ihren Vorstellungen zu gr\u00fcnden: Professionelle Licht- und Tontechnik, eine energiegeladen dargebotene B\u00fchnenshow und ein abwechlungsreiches Programm zum Abtanzen, Mitsingen und Spa\u00df haben.<\/p>\n\n\n\n<p>Ob Rock-Klassiker, Deutsch-Rock oder liebevoll rockig arrangierte Popsongs&#8230;das Motto f\u00fcr die perfekte Party lautet stets:<\/p>\n\n\n\n<p>Beauties and the Beast &#8211; Feiern, bis das Beast erwacht.<\/p>\n\n\n\n<figure class=\"wp-block-image size-large\"><img loading=\"lazy\" decoding=\"async\" width=\"1024\" height=\"768\" src=\"https:\/\/beautiesandthebeast.de\/wp-content\/uploads\/2026\/01\/Bandfoto_2026_klein-1024x768.jpeg\" alt=\"\" class=\"wp-image-492\" srcset=\"https:\/\/beautiesandthebeast.de\/wp-content\/uploads\/2026\/01\/Bandfoto_2026_klein-1024x768.jpeg 1024w, https:\/\/beautiesandthebeast.de\/wp-content\/uploads\/2026\/01\/Bandfoto_2026_klein-300x225.jpeg 300w, https:\/\/beautiesandthebeast.de\/wp-content\/uploads\/2026\/01\/Bandfoto_2026_klein-768x576.jpeg 768w, https:\/\/beautiesandthebeast.de\/wp-content\/uploads\/2026\/01\/Bandfoto_2026_klein-1536x1152.jpeg 1536w, https:\/\/beautiesandthebeast.de\/wp-content\/uploads\/2026\/01\/Bandfoto_2026_klein-2048x1536.jpeg 2048w, https:\/\/beautiesandthebeast.de\/wp-content\/uploads\/2026\/01\/Bandfoto_2026_klein-155x116.jpeg 155w\" sizes=\"auto, (max-width: 1024px) 100vw, 1024px\" \/><\/figure>\n","protected":false},"excerpt":{"rendered":"<p>Wer sind die Beauties und wer ist das Beast? Diese Frage konnte bisher nicht eindeutig gekl\u00e4rt werden&#8230; Klar ist hingegen, was dabei herauskommt, wenn sich 5 Musiker mit reichlich Studio- und mehreren hundert Konzerten Live-Erfahrung zusammen tun, um eine Coverband nach ihren Vorstellungen zu gr\u00fcnden: Professionelle Licht- und Tontechnik, eine energiegeladen dargebotene B\u00fchnenshow und ein &#8230; <\/p>\n<p class=\"read-more-container\"><a title=\"\u00dcber uns\" class=\"read-more button\" href=\"https:\/\/beautiesandthebeast.de\/?page_id=20#more-20\">Read more<span class=\"screen-reader-text\">\u00dcber uns<\/span><\/a><\/p>\n","protected":false},"author":1,"featured_media":0,"parent":0,"menu_order":0,"comment_status":"closed","ping_status":"closed","template":"","meta":{"ngg_post_thumbnail":0,"gayatri_pageheader":"","footnotes":""},"class_list":["post-20","page","type-page","status-publish"],"jetpack_sharing_enabled":true,"_links":{"self":[{"href":"https:\/\/beautiesandthebeast.de\/index.php?rest_route=\/wp\/v2\/pages\/20","targetHints":{"allow":["GET"]}}],"collection":[{"href":"https:\/\/beautiesandthebeast.de\/index.php?rest_route=\/wp\/v2\/pages"}],"about":[{"href":"https:\/\/beautiesandthebeast.de\/index.php?rest_route=\/wp\/v2\/types\/page"}],"author":[{"embeddable":true,"href":"https:\/\/beautiesandthebeast.de\/index.php?rest_route=\/wp\/v2\/users\/1"}],"replies":[{"embeddable":true,"href":"https:\/\/beautiesandthebeast.de\/index.php?rest_route=%2Fwp%2Fv2%2Fcomments&post=20"}],"version-history":[{"count":9,"href":"https:\/\/beautiesandthebeast.de\/index.php?rest_route=\/wp\/v2\/pages\/20\/revisions"}],"predecessor-version":[{"id":493,"href":"https:\/\/beautiesandthebeast.de\/index.php?rest_route=\/wp\/v2\/pages\/20\/revisions\/493"}],"wp:attachment":[{"href":"https:\/\/beautiesandthebeast.de\/index.php?rest_route=%2Fwp%2Fv2%2Fmedia&parent=20"}],"curies":[{"name":"wp","href":"https:\/\/api.w.org\/{rel}","templated":true}]}}